{"id":5490,"date":"2023-07-25T06:31:25","date_gmt":"2023-07-25T06:31:25","guid":{"rendered":"https:\/\/artemsemkin.com\/asli\/wp\/?page_id=5490"},"modified":"2024-07-18T08:52:12","modified_gmt":"2024-07-18T08:52:12","slug":"terms","status":"publish","type":"page","link":"https:\/\/proudmaryproduction.com\/de\/terms\/","title":{"rendered":"Legal"},"content":{"rendered":"<div data-elementor-type=\"wp-page\" data-elementor-id=\"5490\" class=\"elementor elementor-5490\" data-elementor-post-type=\"page\">\n\t\t\t\t<div class=\"elementor-element elementor-element-698cbb3 e-con-full e-flex px-gutters-horizontal mt-header-height e-con e-parent\" data-id=\"698cbb3\" data-element_type=\"container\">\n\t\t\t\t<\/div>\n\t\t<div class=\"elementor-element elementor-element-fe5305b e-flex e-con-boxed pt-small pb-small px-gutters-horizontal e-con e-parent\" data-id=\"fe5305b\" data-element_type=\"container\">\n\t\t\t\t\t<div class=\"e-con-inner\">\n\t\t\t\t<div class=\"elementor-element elementor-element-b602e26 elementor-widget elementor-widget-text-editor\" data-id=\"b602e26\" data-element_type=\"widget\" data-widget_type=\"text-editor.default\">\n\t\t\t\t<div class=\"elementor-widget-container\">\n\t\t\t\t\t\t\t\t\t<p>Impressum<br \/>Informationspflicht laut \u00a75 E-Commerce Gesetz, \u00a714 Unternehmensgesetzbuch, \u00a763 Gewerbeordnung und Offenlegungspflicht laut \u00a725 Mediengesetz.<\/p><p>Proud Mary Production<br \/>Mariam Al-Ayash<br \/>ask office@proudmaryproduction.com,<br \/>1070 Wien,<br \/>\u00d6sterreich<\/p><p><strong>Unternehmensgegenstand<\/strong>: Anzeigenunternehmen<br \/><strong>UID-Nummer<\/strong>: ATU71938923<\/p><p><strong>Tel.<\/strong>: gegen Anfrage<br \/><strong>E-Mail<\/strong>: office@proudmaryproduction.com<\/p><p><strong>Mitglied bei<\/strong>: WKO<br \/><strong>Berufsrecht<\/strong>: Gewerbeordnung: www.ris.bka.gv.at<\/p><p><strong>Berufsbezeichnung<\/strong>: Content Creator, Strategin, Creative Director<br \/><strong>Verleihungsstaat<\/strong>: \u00d6sterreich<\/p><p>Quelle: Erstellt mit dem Impressum Generator von AdSimple\u00ae Webdesign<\/p><p><strong>EU-Streitschlichtung<\/strong><\/p><p>Gem\u00e4\u00df Verordnung \u00fcber Online-Streitbeilegung in Verbraucherangelegenheiten (ODR-Verordnung) m\u00f6chten wir Sie \u00fcber die Online-Streitbeilegungsplattform (OS-Plattform) informieren.<br \/>Verbraucher haben die M\u00f6glichkeit, Beschwerden an die Online Streitbeilegungsplattform der Europ\u00e4ischen Kommission unter http:\/\/ec.europa.eu\/odr?tid=121665250 zu richten. Die daf\u00fcr notwendigen Kontaktdaten finden Sie oberhalb in unserem Impressum.<\/p><p>Wir m\u00f6chten Sie jedoch darauf hinweisen, dass wir nicht bereit oder verpflichtet sind, an Streitbeilegungsverfahren vor einer Verbraucherschlichtungsstelle teilzunehmen.<\/p><p>Haftung f\u00fcr Inhalte dieser Webseite<\/p><p>Wir entwickeln die Inhalte dieser Webseite st\u00e4ndig weiter und bem\u00fchen uns korrekte und aktuelle Informationen bereitzustellen. Leider k\u00f6nnen wir keine Haftung f\u00fcr die Korrektheit aller Inhalte auf dieser Webseite \u00fcbernehmen, speziell f\u00fcr jene die seitens Dritter bereitgestellt wurden.<\/p><p>Sollten Ihnen problematische oder rechtswidrige Inhalte auffallen, bitten wir Sie uns umgehend zu kontaktieren, Sie finden die Kontaktdaten im Impressum.<\/p><p>Haftung f\u00fcr Links auf dieser Webseite<\/p><p>Unsere Webseite enth\u00e4lt Links zu anderen Webseiten f\u00fcr deren Inhalt wir nicht verantwortlich sind. Haftung f\u00fcr verlinkte Websites besteht laut \u00a7 17 ECG f\u00fcr uns nicht, da wir keine Kenntnis rechtswidriger T\u00e4tigkeiten hatten und haben, uns solche Rechtswidrigkeiten auch bisher nicht aufgefallen sind und wir Links sofort entfernen w\u00fcrden, wenn uns Rechtswidrigkeiten bekannt werden.<\/p><p>Wenn Ihnen rechtswidrige Links auf unserer Website auffallen, bitten wir Sie uns zu kontaktieren, Sie finden die Kontaktdaten im Impressum.<\/p><p>Urheberrechtshinweis<\/p><p>Alle Inhalte dieser Webseite (Bilder, Fotos, Texte, Videos) unterliegen dem Urheberrecht. Falls notwendig, werden wir die unerlaubte Nutzung von Teilen der Inhalte unserer Seite rechtlich verfolgen.<\/p><p>Sollten Sie auf dieser Webseite Inhalte finden, die das Urheberrecht verletzen, bitten wir Sie uns zu kontaktieren.<\/p><p>Bildernachweis<\/p><p>Die Bilder, Fotos und Grafiken auf dieser Webseite sind urheberrechtlich gesch\u00fctzt.<\/p><p>Die Bilderrechte liegen bei den folgenden Fotografen und Unternehmen:<\/p><p>Fotograf Mustermann<\/p><p>Datenschutzerkl\u00e4rung<\/p><p>Datenschutz<\/p><p>Wir haben diese Datenschutzerkl\u00e4rung (Fassung 01.01.1970-121665250) verfasst, um Ihnen gem\u00e4\u00df der Vorgaben der Datenschutz-Grundverordnung (EU) 2016\/679 zu erkl\u00e4ren, welche Informationen wir sammeln, wie wir Daten verwenden und welche Entscheidungsm\u00f6glichkeiten Sie als Besucher dieser Webseite haben.<\/p><p>Datenschutzerkl\u00e4rungen klingen f\u00fcr gew\u00f6hnlich sehr technisch. Diese Version soll Ihnen hingegen die wichtigsten Dinge so einfach und klar wie m\u00f6glich beschreiben. Soweit es m\u00f6glich ist, werden technische Begriffe leserfreundlich erkl\u00e4rt. Au\u00dferdem m\u00f6chten wir vermitteln, dass wir mit dieser Website nur dann Informationen sammeln und verwenden, wenn eine entsprechende gesetzliche Grundlage gegeben ist. Das ist sicher nicht m\u00f6glich, wenn man m\u00f6glichst knappe, technische Erkl\u00e4rungen abgibt, so wie sie im Internet oft Standard sind, wenn es um Datenschutz geht. Ich hoffe Sie finden die folgenden Erl\u00e4uterungen interessant und informativ und vielleicht ist die eine oder andere Information dabei, die Sie noch nicht kannten.<br \/>Wenn trotzdem Fragen bleiben, m\u00f6chten wir Sie bitten den vorhandenen Links zu folgen und sich weitere Informationen auf Drittseiten anzusehen, oder uns einfach eine E-Mail zu schreiben. Unsere Kontaktdaten finden Sie im Impressum.<\/p><p>\u00a0\u00a0 Rechte laut Datenschutzgrundverordnung<\/p><p>Ihnen stehen laut den Bestimmungen der DSGVO und des \u00f6sterreichischen Datenschutzgesetzes (DSG) grunds\u00e4tzlich die folgende Rechte zu:<\/p><p>\u00a0\u00a0 Recht auf Berichtigung (Artikel 16 DSGVO)<\/p><p>\u00a0\u00a0 Recht auf L\u00f6schung (\u201eRecht auf Vergessenwerden\u201c) (Artikel 17 DSGVO)<\/p><p>\u00a0\u00a0 Recht auf Einschr\u00e4nkung der Verarbeitung (Artikel 18 DSGVO)<\/p><p>\u00a0\u00a0 Recht auf Benachrichtigung \u2013 Mitteilungspflicht im Zusammenhang mit der Berichtigung oder L\u00f6schung personenbezogener Daten oder der Einschr\u00e4nkung der Verarbeitung (Artikel 19 DSGVO)<\/p><p>\u00a0\u00a0 Recht auf Daten\u00fcbertragbarkeit (Artikel 20 DSGVO)<\/p><p>\u00a0\u00a0 Widerspruchsrecht (Artikel 21 DSGVO)<\/p><p>\u00a0\u00a0 Recht, nicht einer ausschlie\u00dflich auf einer automatisierten Verarbeitung \u2014 einschlie\u00dflich Profiling \u2014 beruhenden Entscheidung unterworfen zu werden (Artikel 22 DSGVO)<\/p><p>Wenn Sie glauben, dass die Verarbeitung Ihrer Daten gegen das Datenschutzrecht verst\u00f6\u00dft oder Ihre datenschutzrechtlichen Anspr\u00fcche sonst in einer Weise verletzt worden sind, k\u00f6nnen Sie sich bei der Aufsichtsbeh\u00f6rde beschweren, welche in \u00d6sterreich die Datenschutzbeh\u00f6rde ist, deren Webseite Sie unter https:\/\/www.dsb.gv.at\/ finden.<\/p><p>Eingebettete Social Media Elemente Datenschutzerkl\u00e4rung<\/p><p>Wir binden auf unserer Webseite Elemente von Social Media Diensten ein um Bilder, Videos und Texte anzuzeigen.<br \/>Durch den Besuch von Seiten die diese Elemente darstellen, werden Daten von Ihrem Browser zum jeweiligen Social Media Dienst \u00fcbertragen und dort gespeichert. Wir haben keinen Zugriff auf diese Daten.<br \/>Die folgenden Links f\u00fchren Sie zu den Seiten der jeweiligen Social Media Dienste wo erkl\u00e4rt wird, wie diese mit Ihren Daten umgehen:<\/p><p>\u00a0\u00a0 Instagram-Datenschutzrichtlinie: https:\/\/help.instagram.com\/519522125107875<\/p><p>\u00a0\u00a0 F\u00fcr YouTube gilt die Google Datenschutzerkl\u00e4rung: https:\/\/policies.google.com\/privacy?hl=de<\/p><p>\u00a0\u00a0 Facebook-Datenrichtline: https:\/\/www.facebook.com\/about\/privacy<\/p><p>\u00a0\u00a0 Twitter Datenschutzrichtlinie: https:\/\/twitter.com\/de\/privacy<\/p><p>Quelle: Erstellt mit dem Datenschutz Generator von AdSimple\u00ae Online Marketing<\/p>\t\t\t\t\t\t\t\t<\/div>\n\t\t\t\t<\/div>\n\t\t\t\t\t<\/div>\n\t\t\t\t<\/div>\n\t\t\t\t<\/div>","protected":false},"excerpt":{"rendered":"<p>ImpressumInformationspflicht laut \u00a75 E-Commerce Gesetz, \u00a714 Unternehmensgesetzbuch, \u00a763 Gewerbeordnung und Offenlegungspflicht laut \u00a725 Mediengesetz. Proud Mary ProductionMariam Al-Ayashask office@proudmaryproduction.com,1070 Wien,\u00d6sterreich Unternehmensgegenstand: AnzeigenunternehmenUID-Nummer: ATU71938923 Tel.: gegen AnfrageE-Mail: office@proudmaryproduction.com Mitglied bei: WKOBerufsrecht: Gewerbeordnung: www.ris.bka.gv.at Berufsbezeichnung: Content Creator, Strategin, Creative DirectorVerleihungsstaat: \u00d6sterreich Quelle: Erstellt mit dem Impressum Generator von AdSimple\u00ae Webdesign EU-Streitschlichtung Gem\u00e4\u00df Verordnung \u00fcber Online-Streitbeilegung in Verbraucherangelegenheiten [&hellip;]<\/p>","protected":false},"author":1,"featured_media":0,"parent":0,"menu_order":0,"comment_status":"closed","ping_status":"closed","template":"","meta":{"_acf_changed":false,"footnotes":""},"class_list":["post-5490","page","type-page","status-publish","hentry"],"acf":[],"_links":{"self":[{"href":"https:\/\/proudmaryproduction.com\/de\/wp-json\/wp\/v2\/pages\/5490","targetHints":{"allow":["GET"]}}],"collection":[{"href":"https:\/\/proudmaryproduction.com\/de\/wp-json\/wp\/v2\/pages"}],"about":[{"href":"https:\/\/proudmaryproduction.com\/de\/wp-json\/wp\/v2\/types\/page"}],"author":[{"embeddable":true,"href":"https:\/\/proudmaryproduction.com\/de\/wp-json\/wp\/v2\/users\/1"}],"replies":[{"embeddable":true,"href":"https:\/\/proudmaryproduction.com\/de\/wp-json\/wp\/v2\/comments?post=5490"}],"version-history":[{"count":4,"href":"https:\/\/proudmaryproduction.com\/de\/wp-json\/wp\/v2\/pages\/5490\/revisions"}],"predecessor-version":[{"id":21311,"href":"https:\/\/proudmaryproduction.com\/de\/wp-json\/wp\/v2\/pages\/5490\/revisions\/21311"}],"wp:attachment":[{"href":"https:\/\/proudmaryproduction.com\/de\/wp-json\/wp\/v2\/media?parent=5490"}],"curies":[{"name":"wp","href":"https:\/\/api.w.org\/{rel}","templated":true}]}}